{"id":16049,"date":"2024-12-12T10:11:33","date_gmt":"2024-12-12T09:11:33","guid":{"rendered":"https:\/\/mentaliza.page\/unaarquitectos\/services\/"},"modified":"2025-07-18T17:36:36","modified_gmt":"2025-07-18T15:36:36","slug":"servicios","status":"publish","type":"page","link":"https:\/\/unaarquitectos.es\/es\/servicios\/","title":{"rendered":"Servicios"},"content":{"rendered":"\t\t<div data-elementor-type=\"wp-page\" data-elementor-id=\"16049\" class=\"elementor elementor-16049 elementor-14291\" data-elementor-post-type=\"page\">\n\t\t\t\t<div class=\"elementor-element elementor-element-2676d1cd e-con-full e-flex parallax_section_no qode_elementor_container_no e-con e-parent\" data-id=\"2676d1cd\" data-element_type=\"container\">\n\t\t\t\t<div class=\"elementor-element elementor-element-18e6a160 elementor-widget__width-initial elementor-widget elementor-widget-text-editor\" data-id=\"18e6a160\" data-element_type=\"widget\" data-widget_type=\"text-editor.default\">\n\t\t\t\t<div class=\"elementor-widget-container\">\n\t\t\t\t\t\t\t<h2>Lo que nos diferencia es nuestra visi\u00f3n y dise\u00f1os \u00fanicos, concebidos con absoluta dedicaci\u00f3n.<\/h2>\t\t\t\t\t\t<\/div>\n\t\t\t\t<\/div>\n\t\t\t\t<\/div>\n\t\t<div class=\"elementor-element elementor-element-8ffc836 e-con-full e-flex parallax_section_no qode_elementor_container_no e-con e-parent\" data-id=\"8ffc836\" data-element_type=\"container\">\n\t\t<div class=\"elementor-element elementor-element-fc2d5be e-con-full e-flex parallax_section_no qode_elementor_container_no e-con e-child\" data-id=\"fc2d5be\" data-element_type=\"container\">\n\t\t\t\t<div class=\"elementor-element elementor-element-d6f5274 elementor-widget elementor-widget-image\" data-id=\"d6f5274\" data-element_type=\"widget\" data-widget_type=\"image.default\">\n\t\t\t\t<div class=\"elementor-widget-container\">\n\t\t\t\t\t\t\t\t\t\t\t\t\t<img decoding=\"async\" width=\"105\" height=\"71\" src=\"https:\/\/unaarquitectos.es\/file\/2023\/12\/home-img-1.png\" class=\"attachment-large size-large wp-image-15976\" alt=\"Urbanismo\" \/>\t\t\t\t\t\t\t\t\t\t\t\t\t<\/div>\n\t\t\t\t<\/div>\n\t\t\t\t<div class=\"elementor-element elementor-element-7c0f60a elementor-widget elementor-widget-text-editor\" data-id=\"7c0f60a\" data-element_type=\"widget\" data-widget_type=\"text-editor.default\">\n\t\t\t\t<div class=\"elementor-widget-container\">\n\t\t\t\t\t\t\t<h3 class=\"qodef-m-title\"><span class=\"qodef-m-title-text\">Urbanismo<\/span><\/h3>\t\t\t\t\t\t<\/div>\n\t\t\t\t<\/div>\n\t\t\t\t<div class=\"elementor-element elementor-element-fe82d0a elementor-widget__width-initial elementor-widget elementor-widget-text-editor\" data-id=\"fe82d0a\" data-element_type=\"widget\" data-widget_type=\"text-editor.default\">\n\t\t\t\t<div class=\"elementor-widget-container\">\n\t\t\t\t\t\t\t<p>En Un\u2019A Arquitectos, nuestros servicios de urbanismo se centran en crear espacios urbanos sostenibles y din\u00e1micos que armonicen con su entorno. Combinamos dise\u00f1o innovador con soluciones pr\u00e1cticas para dar forma a las ciudades del ma\u00f1ana.<\/p>\t\t\t\t\t\t<\/div>\n\t\t\t\t<\/div>\n\t\t\t\t<\/div>\n\t\t<div class=\"elementor-element elementor-element-0cf5bf1 e-con-full e-flex parallax_section_no qode_elementor_container_no e-con e-child\" data-id=\"0cf5bf1\" data-element_type=\"container\">\n\t\t\t\t<div class=\"elementor-element elementor-element-f5f04e0 elementor-widget elementor-widget-image\" data-id=\"f5f04e0\" data-element_type=\"widget\" data-widget_type=\"image.default\">\n\t\t\t\t<div class=\"elementor-widget-container\">\n\t\t\t\t\t\t\t\t\t\t\t\t\t<img decoding=\"async\" width=\"100\" height=\"69\" src=\"https:\/\/unaarquitectos.es\/file\/2023\/12\/home-img-2.png\" class=\"attachment-large size-large wp-image-15977\" alt=\"Residencial\" \/>\t\t\t\t\t\t\t\t\t\t\t\t\t<\/div>\n\t\t\t\t<\/div>\n\t\t\t\t<div class=\"elementor-element elementor-element-36ed799 elementor-widget elementor-widget-text-editor\" data-id=\"36ed799\" data-element_type=\"widget\" data-widget_type=\"text-editor.default\">\n\t\t\t\t<div class=\"elementor-widget-container\">\n\t\t\t\t\t\t\t<h3 class=\"qodef-m-title\"><span class=\"qodef-m-title-text\">Residencial<\/span><\/h3>\t\t\t\t\t\t<\/div>\n\t\t\t\t<\/div>\n\t\t\t\t<div class=\"elementor-element elementor-element-72f0516 elementor-widget__width-initial elementor-widget elementor-widget-text-editor\" data-id=\"72f0516\" data-element_type=\"widget\" data-widget_type=\"text-editor.default\">\n\t\t\t\t<div class=\"elementor-widget-container\">\n\t\t\t\t\t\t\t<p>Nuestros proyectos residenciales est\u00e1n dise\u00f1ados para satisfacer las necesidades y deseos de la vida moderna. Desde villas de lujo hasta desarrollos de varias unidades, creamos espacios que no solo son funcionales, sino tambi\u00e9n un verdadero reflejo de la visi\u00f3n y el estilo de vida de nuestros clientes.<\/p>\t\t\t\t\t\t<\/div>\n\t\t\t\t<\/div>\n\t\t\t\t<\/div>\n\t\t<div class=\"elementor-element elementor-element-42a9480 e-con-full e-flex parallax_section_no qode_elementor_container_no e-con e-child\" data-id=\"42a9480\" data-element_type=\"container\">\n\t\t\t\t<div class=\"elementor-element elementor-element-836a396 elementor-widget elementor-widget-image\" data-id=\"836a396\" data-element_type=\"widget\" data-widget_type=\"image.default\">\n\t\t\t\t<div class=\"elementor-widget-container\">\n\t\t\t\t\t\t\t\t\t\t\t\t\t<img decoding=\"async\" width=\"123\" height=\"65\" src=\"https:\/\/unaarquitectos.es\/file\/2023\/12\/home-img-3.png\" class=\"attachment-large size-large wp-image-15978\" alt=\"Dise\u00f1o\" \/>\t\t\t\t\t\t\t\t\t\t\t\t\t<\/div>\n\t\t\t\t<\/div>\n\t\t\t\t<div class=\"elementor-element elementor-element-a2ccc6c elementor-widget elementor-widget-text-editor\" data-id=\"a2ccc6c\" data-element_type=\"widget\" data-widget_type=\"text-editor.default\">\n\t\t\t\t<div class=\"elementor-widget-container\">\n\t\t\t\t\t\t\t<h3 class=\"qodef-m-title\"><span class=\"qodef-m-title-text\">Dise\u00f1o<\/span><\/h3>\t\t\t\t\t\t<\/div>\n\t\t\t\t<\/div>\n\t\t\t\t<div class=\"elementor-element elementor-element-3bef4e3 elementor-widget__width-initial elementor-widget elementor-widget-text-editor\" data-id=\"3bef4e3\" data-element_type=\"widget\" data-widget_type=\"text-editor.default\">\n\t\t\t\t<div class=\"elementor-widget-container\">\n\t\t\t\t\t\t\t<p>El dise\u00f1o est\u00e1 en el coraz\u00f3n de todo lo que hacemos en Un\u2019A Arquitectos. Ofrecemos soluciones de dise\u00f1o a medida que combinan creatividad, funcionalidad y elegancia, garantizando que cada proyecto sea una expresi\u00f3n \u00fanica de la excelencia arquitect\u00f3nica.<\/p>\t\t\t\t\t\t<\/div>\n\t\t\t\t<\/div>\n\t\t\t\t<\/div>\n\t\t<div class=\"elementor-element elementor-element-ffb7c0c e-con-full e-flex parallax_section_no qode_elementor_container_no e-con e-child\" data-id=\"ffb7c0c\" data-element_type=\"container\">\n\t\t\t\t<div class=\"elementor-element elementor-element-1e4a4bb elementor-widget elementor-widget-image\" data-id=\"1e4a4bb\" data-element_type=\"widget\" data-widget_type=\"image.default\">\n\t\t\t\t<div class=\"elementor-widget-container\">\n\t\t\t\t\t\t\t\t\t\t\t\t\t<img loading=\"lazy\" decoding=\"async\" width=\"111\" height=\"65\" src=\"https:\/\/unaarquitectos.es\/file\/2023\/12\/home-img-4.png\" class=\"attachment-large size-large wp-image-15979\" alt=\"Multifuncional\" \/>\t\t\t\t\t\t\t\t\t\t\t\t\t<\/div>\n\t\t\t\t<\/div>\n\t\t\t\t<div class=\"elementor-element elementor-element-6990711 elementor-widget elementor-widget-text-editor\" data-id=\"6990711\" data-element_type=\"widget\" data-widget_type=\"text-editor.default\">\n\t\t\t\t<div class=\"elementor-widget-container\">\n\t\t\t\t\t\t\t<h3>Multifuncional<\/h3>\t\t\t\t\t\t<\/div>\n\t\t\t\t<\/div>\n\t\t\t\t<div class=\"elementor-element elementor-element-5b19765 elementor-widget__width-initial elementor-widget elementor-widget-text-editor\" data-id=\"5b19765\" data-element_type=\"widget\" data-widget_type=\"text-editor.default\">\n\t\t\t\t<div class=\"elementor-widget-container\">\n\t\t\t\t\t\t\t<p>Nuestros proyectos multifuncionales est\u00e1n dise\u00f1ados para servir a una variedad de funciones, integrando de manera fluida espacios comerciales, residenciales y de ocio. Ofrecemos soluciones vers\u00e1tiles e innovadoras que se adaptan a las necesidades cambiantes de los negocios y las comunidades.<\/p>\t\t\t\t\t\t<\/div>\n\t\t\t\t<\/div>\n\t\t\t\t<\/div>\n\t\t\t\t<\/div>\n\t\t<div style=\"background-image: url(https:\/\/unaarquitectos.es\/file\/2025\/03\/architect-handshake-and-thank-you-for-construction-blueprint-and-collaboration-on-building-design.jpg);\" class=\"parallax_section_holder elementor-element elementor-element-ddecc68 e-con-full parallax_section_holder e-flex qode_elementor_container_no e-con e-parent\" data-speed=\"0\" data-id=\"ddecc68\" data-element_type=\"container\" data-settings=\"{&quot;qode_parallax_image&quot;:{&quot;url&quot;:&quot;https:\\\/\\\/unaarquitectos.es\\\/inc\\\/uploads\\\/2025\\\/03\\\/architect-handshake-and-thank-you-for-construction-blueprint-and-collaboration-on-building-design.jpg&quot;,&quot;id&quot;:15605,&quot;size&quot;:&quot;&quot;,&quot;alt&quot;:&quot;Architect, handshake and thank you for construction, blueprint and collaboration on building design&quot;,&quot;source&quot;:&quot;library&quot;},&quot;background_background&quot;:&quot;classic&quot;}\">\n\t\t\t\t<div class=\"elementor-element elementor-element-15ca2b8 elementor-widget__width-initial elementor-widget elementor-widget-bridge_custom_font\" data-id=\"15ca2b8\" data-element_type=\"widget\" data-widget_type=\"bridge_custom_font.default\">\n\t\t\t\t<div class=\"elementor-widget-container\">\n\t\t\t<div class=\"custom_font_holder \" style=\"font-family: Space Grotesk; font-style: normal; font-weight: 400; color: #FFFFFF; text-decoration: none; text-align: left; --qode-cf-font-size: 75px; --qode-cf-line-height: 75px; --qode-cf-font-size-1440: 80px; --qode-cf-line-height-1440: 80px; --qode-cf-font-size-1366: 80px; --qode-cf-line-height-1366: 80px; --qode-cf-font-size-1280: 80px; --qode-cf-line-height-1280: 80px; --qode-cf-font-size-1024: 70px; --qode-cf-line-height-1024: 70px; --qode-cf-font-size-768: 70px; --qode-cf-line-height-768: 70px; --qode-cf-font-size-680: 43px; --qode-cf-line-height-680: 45px; --qode-cf-font-size-480: 43px; --qode-cf-line-height-480: 45px;\">DANDO FORMA A LOS ESPACIOS MANO A MANO CON LOS CONSTRUCTORES.<\/div>\t\t<\/div>\n\t\t\t\t<\/div>\n\t\t\t\t<\/div>\n\t\t<div class=\"elementor-element elementor-element-52949ad e-con-full e-flex parallax_section_no qode_elementor_container_no e-con e-parent\" data-id=\"52949ad\" data-element_type=\"container\" data-settings=\"{&quot;background_background&quot;:&quot;classic&quot;}\">\n\t\t<div class=\"elementor-element elementor-element-61abdbe e-con-full e-flex parallax_section_no qode_elementor_container_no e-con e-child\" data-id=\"61abdbe\" data-element_type=\"container\">\n\t\t\t\t<div class=\"elementor-element elementor-element-845994c elementor-widget elementor-widget-text-editor\" data-id=\"845994c\" data-element_type=\"widget\" data-widget_type=\"text-editor.default\">\n\t\t\t\t<div class=\"elementor-widget-container\">\n\t\t\t\t\t\t\t<h2>Nos aseguramos de que cuentes con todos los servicios necesarios a tu alcance.<\/h2>\t\t\t\t\t\t<\/div>\n\t\t\t\t<\/div>\n\t\t\t\t<div class=\"elementor-element elementor-element-c02d652 elementor-widget elementor-widget-bridge_button\" data-id=\"c02d652\" data-element_type=\"widget\" data-widget_type=\"bridge_button.default\">\n\t\t\t\t<div class=\"elementor-widget-container\">\n\t\t\t<a  itemprop=\"url\" href=\"https:\/\/unaarquitectos.es\/es\/nosotros\/\" target=\"_self\"  class=\"qbutton  default\" style=\"color: #FFFFFF; \">SOBRE NOSOTROS<\/a>\t\t<\/div>\n\t\t\t\t<\/div>\n\t\t\t\t<\/div>\n\t\t<div class=\"elementor-element elementor-element-579deec e-con-full e-flex parallax_section_no qode_elementor_container_no e-con e-child\" data-id=\"579deec\" data-element_type=\"container\">\n\t\t\t\t<div class=\"elementor-element elementor-element-60f1e04 elementor-widget elementor-widget-bridge_icon_text\" data-id=\"60f1e04\" data-element_type=\"widget\" data-widget_type=\"bridge_icon_text.default\">\n\t\t\t\t<div class=\"elementor-widget-container\">\n\t\t\t<div class='q_icon_with_title small custom_icon_image left_from_title '><div class=\"icon_text_holder\" style=\"\"><div class=\"icon_text_inner\" style=\"\"><div class=\"icon_title_holder\"><div class=\"icon_holder \" style=\" \"><img decoding=\"async\" src=\"https:\/\/unaarquitectos.es\/file\/2024\/02\/icon-1.png\" alt=\"icon 1\"><\/div><h3 class=\"icon_title\" style=\"\">Planificaci\u00f3n<\/h3><\/div><p style=''>Una planificaci\u00f3n meticulosa es la base de cada proyecto exitoso. Dise\u00f1amos estrategias que optimizan espacio, presupuesto y tiempos para alcanzar el m\u00e1ximo potencial.<\/p><\/div><\/div><\/div>\t\t<\/div>\n\t\t\t\t<\/div>\n\t\t\t\t<div class=\"elementor-element elementor-element-3c20f05 elementor-widget elementor-widget-bridge_icon_text\" data-id=\"3c20f05\" data-element_type=\"widget\" data-widget_type=\"bridge_icon_text.default\">\n\t\t\t\t<div class=\"elementor-widget-container\">\n\t\t\t<div class='q_icon_with_title small custom_icon_image left_from_title '><div class=\"icon_text_holder\" style=\"\"><div class=\"icon_text_inner\" style=\"\"><div class=\"icon_title_holder\"><div class=\"icon_holder \" style=\" \"><img decoding=\"async\" src=\"https:\/\/unaarquitectos.es\/file\/2024\/02\/icon-4.png\" alt=\"icon 4\"><\/div><h3 class=\"icon_title\" style=\"\">Artesanos<\/h3><\/div><p style=''>Colaboramos con artesanos expertos para incorporar acabados \u00fanicos y detalles personalizados en cada proyecto. Su maestr\u00eda eleva el dise\u00f1o y aporta un car\u00e1cter exclusivo.<\/p><\/div><\/div><\/div>\t\t<\/div>\n\t\t\t\t<\/div>\n\t\t\t\t<div class=\"elementor-element elementor-element-113c94c elementor-widget elementor-widget-bridge_icon_text\" data-id=\"113c94c\" data-element_type=\"widget\" data-widget_type=\"bridge_icon_text.default\">\n\t\t\t\t<div class=\"elementor-widget-container\">\n\t\t\t<div class='q_icon_with_title small custom_icon_image left_from_title '><div class=\"icon_text_holder\" style=\"\"><div class=\"icon_text_inner\" style=\"\"><div class=\"icon_title_holder\"><div class=\"icon_holder \" style=\" \"><img decoding=\"async\" src=\"https:\/\/unaarquitectos.es\/file\/2024\/02\/icon-2.png\" alt=\"icon 2\"><\/div><h3 class=\"icon_title\" style=\"\">Residencias<\/h3><\/div><p style=''>Creamos hogares que combinan confort y estilo. Desde villas de lujo hasta apartamentos contempor\u00e1neos, cada dise\u00f1o se adapta al estilo de vida y preferencias de nuestros clientes.<\/p><\/div><\/div><\/div>\t\t<\/div>\n\t\t\t\t<\/div>\n\t\t\t\t<\/div>\n\t\t<div class=\"elementor-element elementor-element-439be6e e-con-full e-flex parallax_section_no qode_elementor_container_no e-con e-child\" data-id=\"439be6e\" data-element_type=\"container\">\n\t\t\t\t<div class=\"elementor-element elementor-element-6f45fb9 elementor-widget elementor-widget-bridge_icon_text\" data-id=\"6f45fb9\" data-element_type=\"widget\" data-widget_type=\"bridge_icon_text.default\">\n\t\t\t\t<div class=\"elementor-widget-container\">\n\t\t\t<div class='q_icon_with_title small custom_icon_image left_from_title '><div class=\"icon_text_holder\" style=\"\"><div class=\"icon_text_inner\" style=\"\"><div class=\"icon_title_holder\"><div class=\"icon_holder \" style=\" \"><img decoding=\"async\" src=\"https:\/\/unaarquitectos.es\/file\/2024\/02\/icon-5.png\" alt=\"icon 5\"><\/div><h3 class=\"icon_title\" style=\"\">Modelado 3D<\/h3><\/div><p style=''>Gracias a la tecnolog\u00eda 3D, damos vida a cada dise\u00f1o, ofreciendo visualizaciones realistas que facilitan la comunicaci\u00f3n y permiten ajustes precisos antes de construir.<\/p><\/div><\/div><\/div>\t\t<\/div>\n\t\t\t\t<\/div>\n\t\t\t\t<div class=\"elementor-element elementor-element-b8fa037 elementor-widget elementor-widget-bridge_icon_text\" data-id=\"b8fa037\" data-element_type=\"widget\" data-widget_type=\"bridge_icon_text.default\">\n\t\t\t\t<div class=\"elementor-widget-container\">\n\t\t\t<div class='q_icon_with_title small custom_icon_image left_from_title '><div class=\"icon_text_holder\" style=\"\"><div class=\"icon_text_inner\" style=\"\"><div class=\"icon_title_holder\"><div class=\"icon_holder \" style=\" \"><img decoding=\"async\" src=\"https:\/\/unaarquitectos.es\/file\/2024\/02\/icon-3.png\" alt=\"icon 3\"><\/div><h3 class=\"icon_title\" style=\"\">Planos<\/h3><\/div><p style=''>Nuestros planos est\u00e1n dise\u00f1ados para optimizar la funcionalidad y la fluidez de cada espacio, manteniendo siempre la est\u00e9tica y adapt\u00e1ndose a las necesidades del cliente.<\/p><\/div><\/div><\/div>\t\t<\/div>\n\t\t\t\t<\/div>\n\t\t\t\t<\/div>\n\t\t\t\t<\/div>\n\t\t<div style=\"background-image: url(https:\/\/unaarquitectos.es\/file\/2025\/03\/engineer-architect-designer-freelance-work-on-start-up-project-drawing-construction-plan.jpg);\" class=\"parallax_section_holder elementor-element elementor-element-062297d e-con-full parallax_section_holder e-flex qode_elementor_container_no e-con e-parent\" data-speed=\"0\" data-id=\"062297d\" data-element_type=\"container\" data-settings=\"{&quot;qode_parallax_image&quot;:{&quot;url&quot;:&quot;https:\\\/\\\/unaarquitectos.es\\\/inc\\\/uploads\\\/2025\\\/03\\\/engineer-architect-designer-freelance-work-on-start-up-project-drawing-construction-plan.jpg&quot;,&quot;id&quot;:15606,&quot;size&quot;:&quot;&quot;,&quot;alt&quot;:&quot;Engineer architect designer freelance work on start-up project drawing, construction plan&quot;,&quot;source&quot;:&quot;library&quot;},&quot;background_background&quot;:&quot;classic&quot;}\">\n\t\t\t\t<div class=\"elementor-element elementor-element-65e8ee3 elementor-widget__width-initial elementor-widget elementor-widget-bridge_custom_font\" data-id=\"65e8ee3\" data-element_type=\"widget\" data-widget_type=\"bridge_custom_font.default\">\n\t\t\t\t<div class=\"elementor-widget-container\">\n\t\t\t<div class=\"custom_font_holder \" style=\"font-family: Space Grotesk; font-style: normal; font-weight: 400; color: #FFFFFF; text-decoration: none; text-align: left; --qode-cf-font-size: 90px; --qode-cf-line-height: 90px; --qode-cf-font-size-1440: 80px; --qode-cf-line-height-1440: 80px; --qode-cf-font-size-1366: 80px; --qode-cf-line-height-1366: 80px; --qode-cf-font-size-1280: 80px; --qode-cf-line-height-1280: 80px; --qode-cf-font-size-1024: 70px; --qode-cf-line-height-1024: 70px; --qode-cf-font-size-768: 70px; --qode-cf-line-height-768: 70px; --qode-cf-font-size-680: 43px; --qode-cf-line-height-680: 45px; --qode-cf-font-size-480: 43px; --qode-cf-line-height-480: 45px;\">ESPACIOS QUE PASAN DEL PLANO A LA REALIDAD JUNTOS.<\/div>\t\t<\/div>\n\t\t\t\t<\/div>\n\t\t\t\t<\/div>\n\t\t<div class=\"elementor-element elementor-element-3c206ba9 e-con-full e-flex parallax_section_no qode_elementor_container_no e-con e-parent\" data-id=\"3c206ba9\" data-element_type=\"container\" data-settings=\"{&quot;background_background&quot;:&quot;classic&quot;}\">\n\t\t<div class=\"elementor-element elementor-element-79e5b3cf e-con-full e-flex parallax_section_no qode_elementor_container_no e-con e-child\" data-id=\"79e5b3cf\" data-element_type=\"container\">\n\t\t\t\t<div class=\"elementor-element elementor-element-4fdf91ca elementor-widget__width-initial elementor-widget elementor-widget-text-editor\" data-id=\"4fdf91ca\" data-element_type=\"widget\" data-widget_type=\"text-editor.default\">\n\t\t\t\t<div class=\"elementor-widget-container\">\n\t\t\t\t\t\t\t<h2>Dise\u00f1amos y construimos contigo.<\/h2>\t\t\t\t\t\t<\/div>\n\t\t\t\t<\/div>\n\t\t\t\t<\/div>\n\t\t<div class=\"elementor-element elementor-element-24ad95d6 e-con-full e-flex parallax_section_no qode_elementor_container_no e-con e-child\" data-id=\"24ad95d6\" data-element_type=\"container\">\n\t\t\t\t<div class=\"elementor-element elementor-element-ad03b50 elementor-widget elementor-widget-bridge_old_accordion\" data-id=\"ad03b50\" data-element_type=\"widget\" data-widget_type=\"bridge_old_accordion.default\">\n\t\t\t\t<div class=\"elementor-widget-container\">\n\t\t\t\n        <div class=\"q_accordion_holder wpb_content_element not-column-inherit clearfix accordion without_icon\" data-active-tab=\"1\">\n\n            \n\t\t\t\t<h3 class=\"clearfix title-holder\" style=\"\"><span class=\"accordion_mark left_mark\"><span class=\"accordion_mark_icon\"><\/span><\/span><span class=\"tab-title\">Consultor\u00eda<\/span><span class=\"accordion_mark right_mark\"><span class=\"accordion_mark_icon\"><\/span><\/span><\/h3>\n\t\t\t\t<div  class=\"accordion_content no_icon\">\n\t\t\t<div class=\"accordion_content_inner\">\n\t\t\t\t<p class=\"p1\">En Un\u2019A Arquitectos brindamos asesoramiento experto para proyectos de construcci\u00f3n, acompa\u00f1ando a nuestros clientes en todas las fases, desde el concepto inicial hasta la entrega final. Nuestra experiencia garantiza eficiencia, calidad y sostenibilidad.<\/p>\n\t\t\t<\/div>\n\t\t\t\t<\/div>\n\n\t\t\t\t<h3 class=\"clearfix title-holder\" style=\"\"><span class=\"accordion_mark left_mark\"><span class=\"accordion_mark_icon\"><\/span><\/span><span class=\"tab-title\">Proyectos de construcci\u00f3n<\/span><span class=\"accordion_mark right_mark\"><span class=\"accordion_mark_icon\"><\/span><\/span><\/h3>\n\t\t\t\t<div  class=\"accordion_content no_icon\">\n\t\t\t<div class=\"accordion_content_inner\">\n\t\t\t\t<p class=\"p1\">Un\u2019A Arquitectos ofrece un servicio integral para proyectos de construcci\u00f3n, supervisando cada etapa desde la planificaci\u00f3n inicial hasta la ejecuci\u00f3n final. Garantizamos el control de calidad, el cumplimiento de los plazos y la optimizaci\u00f3n de costes, siempre con un enfoque firme en la sostenibilidad y la precisi\u00f3n en cada detalle.<\/p>\n\t\t\t<\/div>\n\t\t\t\t<\/div>\n\n\t\t\t\t<h3 class=\"clearfix title-holder\" style=\"\"><span class=\"accordion_mark left_mark\"><span class=\"accordion_mark_icon\"><\/span><\/span><span class=\"tab-title\">Estudio de arquitectura<\/span><span class=\"accordion_mark right_mark\"><span class=\"accordion_mark_icon\"><\/span><\/span><\/h3>\n\t\t\t\t<div  class=\"accordion_content no_icon\">\n\t\t\t<div class=\"accordion_content_inner\">\n\t\t\t\t<p class=\"p1\">En Un\u2019A Arquitectos contamos con un estudio dedicado a ofrecer servicios arquitect\u00f3nicos integrales. Nuestro equipo de profesionales altamente cualificados gestiona cada fase del proceso, desde el dise\u00f1o y la planificaci\u00f3n hasta la direcci\u00f3n del proyecto, garantizando los m\u00e1s altos est\u00e1ndares en cada trabajo que realizamos.<\/p>\n\t\t\t<\/div>\n\t\t\t\t<\/div>\n\n\t\t\t\t<h3 class=\"clearfix title-holder\" style=\"\"><span class=\"accordion_mark left_mark\"><span class=\"accordion_mark_icon\"><\/span><\/span><span class=\"tab-title\">Promociones y desarrollos<\/span><span class=\"accordion_mark right_mark\"><span class=\"accordion_mark_icon\"><\/span><\/span><\/h3>\n\t\t\t\t<div  class=\"accordion_content no_icon\">\n\t\t\t<div class=\"accordion_content_inner\">\n\t\t\t\t<p class=\"p1\">Un\u2019A Arquitectos est\u00e1 a la vanguardia en proyectos inmobiliarios, ofreciendo soluciones innovadoras para el desarrollo de promociones. Desde la idea inicial hasta la entrega final, combinamos dise\u00f1o, funcionalidad y conocimiento del mercado para crear desarrollos excepcionales que superan las expectativas.<\/p>\n\t\t\t<\/div>\n\t\t\t\t<\/div>\n\n        <\/div>\n\n        \t\t<\/div>\n\t\t\t\t<\/div>\n\t\t\t\t<\/div>\n\t\t\t\t<\/div>\n\t\t\t\t<\/div>\n\t\t","protected":false},"excerpt":{"rendered":"<p>Lo que nos diferencia es nuestra visi\u00f3n y dise\u00f1os \u00fanicos, concebidos con absoluta dedicaci\u00f3n. Urbanismo En Un\u2019A Arquitectos, nuestros servicios de urbanismo se centran en crear espacios urbanos sostenibles y din\u00e1micos que armonicen con su entorno. Combinamos dise\u00f1o innovador con soluciones pr\u00e1cticas para dar forma&hellip; <a class=\"continue\" href=\"https:\/\/unaarquitectos.es\/es\/servicios\/\">Continue Reading, Seguir leyendo<span> Servicios<\/span><\/a><\/p>\n","protected":false},"author":2,"featured_media":0,"parent":0,"menu_order":0,"comment_status":"closed","ping_status":"closed","template":"full_width.php","meta":{"footnotes":""},"class_list":["post-16049","page","type-page","status-publish","hentry"],"_links":{"self":[{"href":"https:\/\/unaarquitectos.es\/es\/wp-json\/wp\/v2\/pages\/16049","targetHints":{"allow":["GET"]}}],"collection":[{"href":"https:\/\/unaarquitectos.es\/es\/wp-json\/wp\/v2\/pages"}],"about":[{"href":"https:\/\/unaarquitectos.es\/es\/wp-json\/wp\/v2\/types\/page"}],"author":[{"embeddable":true,"href":"https:\/\/unaarquitectos.es\/es\/wp-json\/wp\/v2\/users\/2"}],"replies":[{"embeddable":true,"href":"https:\/\/unaarquitectos.es\/es\/wp-json\/wp\/v2\/comments?post=16049"}],"version-history":[{"count":67,"href":"https:\/\/unaarquitectos.es\/es\/wp-json\/wp\/v2\/pages\/16049\/revisions"}],"predecessor-version":[{"id":16454,"href":"https:\/\/unaarquitectos.es\/es\/wp-json\/wp\/v2\/pages\/16049\/revisions\/16454"}],"wp:attachment":[{"href":"https:\/\/unaarquitectos.es\/es\/wp-json\/wp\/v2\/media?parent=16049"}],"curies":[{"name":"wp","href":"https:\/\/api.w.org\/{rel}","templated":true}]}}