{"id":16048,"date":"2024-12-11T07:27:28","date_gmt":"2024-12-11T06:27:28","guid":{"rendered":"https:\/\/mentaliza.page\/unaarquitectos\/projects\/"},"modified":"2025-07-18T17:31:29","modified_gmt":"2025-07-18T15:31:29","slug":"proyectos","status":"publish","type":"page","link":"https:\/\/unaarquitectos.es\/es\/proyectos\/","title":{"rendered":"Proyectos"},"content":{"rendered":"\t\t<div data-elementor-type=\"wp-page\" data-elementor-id=\"16048\" class=\"elementor elementor-16048 elementor-14012\" data-elementor-post-type=\"page\">\n\t\t\t\t<div class=\"elementor-element elementor-element-2eb91040 e-con-full e-flex parallax_section_no qode_elementor_container_no e-con e-parent\" data-id=\"2eb91040\" data-element_type=\"container\" data-settings=\"{&quot;background_background&quot;:&quot;classic&quot;}\">\n\t\t<div class=\"elementor-element elementor-element-6c520e11 e-con-full e-flex parallax_section_no qode_elementor_container_no e-con e-child\" data-id=\"6c520e11\" data-element_type=\"container\">\n\t\t\t\t<div class=\"elementor-element elementor-element-17e8776 elementor-widget elementor-widget-text-editor\" data-id=\"17e8776\" data-element_type=\"widget\" data-widget_type=\"text-editor.default\">\n\t\t\t\t<div class=\"elementor-widget-container\">\n\t\t\t\t\t\t\t<h2>Proyectos destacados<\/h2><p>\u00a0<\/p><p class=\"p1\">Los proyectos destacados de Un\u2019A Arquitectos incluyen un portafolio diverso de dise\u00f1os innovadores, desde edificios corporativos vanguardistas con fachadas acristaladas hasta villas de lujo a medida. Cada proyecto es un testimonio de la visi\u00f3n arquitect\u00f3nica del estudio, fusionando forma, funci\u00f3n y contexto con una precisi\u00f3n refinada.<\/p>\t\t\t\t\t\t<\/div>\n\t\t\t\t<\/div>\n\t\t\t\t<\/div>\n\t\t<div class=\"elementor-element elementor-element-712c8343 e-con-full e-flex parallax_section_no qode_elementor_container_no e-con e-child\" data-id=\"712c8343\" data-element_type=\"container\">\n\t\t\t\t<div class=\"elementor-element elementor-element-c85db5d elementor-widget elementor-widget-bridge_portfolio_list\" data-id=\"c85db5d\" data-element_type=\"widget\" data-widget_type=\"bridge_portfolio_list.default\">\n\t\t\t\t<div class=\"elementor-widget-container\">\n\t\t\t<div class='projects_holder_outer v2 portfolio_with_space portfolio_standard  masonry_with_space  masonry_with_space_only_image'>\n        <div class='projects_holder portfolio_main_holder clearfix v2 standard portfolio_full_image portfolio_one_by_one'>\n                    <div class=\"qode-portfolio-masonry-gallery-grid-sizer\"><\/div>\n            <div class=\"qode-portfolio-masonry-gallery-grid-gutter\"><\/div>\n        \n        <article class='mix portfolio_category_29 default' style=''>\n    \n    \n    \n    \n            <div class=\"item_holder subtle_vertical_hover\">\n\n                    <div class=\"text_holder\">\n        <div class=\"text_holder_outer\">\n            <div class=\"text_holder_inner\">\n            \n    <h5 itemprop=\"name\" class=\"portfolio_title entry_title\"><a itemprop=\"url\" href=\"https:\/\/unaarquitectos.es\/es\/portfolio_page\/url-semantica-en-castellano-para-seo\/\"  target=\"_self\"> T\u00edtulo en castellano<\/a><\/h5>\n\n    <span class=\"project_category\"  >\n    Residencial    <\/span>\n                            <div class=\"icons_holder\">\n\n                                \n                                \n                                \n                            <\/div>\n                                    <\/div>\n        <\/div>\n    <\/div>\n\n                \n                <div style=\"\" class=\"portfolio_shader\"><\/div>\n                <div class=\"image_holder\">\n                    \n<span class='image'><img fetchpriority=\"high\" decoding=\"async\" width=\"700\" height=\"394\" src=\"https:\/\/unaarquitectos.es\/file\/2025\/04\/PFC-Sureste-700x394.jpg\" class=\"attachment-portfolio_masonry_with_space size-portfolio_masonry_with_space wp-post-image\" alt=\"PFC Sureste\" srcset=\"https:\/\/unaarquitectos.es\/file\/2025\/04\/PFC-Sureste-700x394.jpg 700w, https:\/\/unaarquitectos.es\/file\/2025\/04\/PFC-Sureste-300x169.jpg 300w, https:\/\/unaarquitectos.es\/file\/2025\/04\/PFC-Sureste-1024x576.jpg 1024w, https:\/\/unaarquitectos.es\/file\/2025\/04\/PFC-Sureste-768x432.jpg 768w, https:\/\/unaarquitectos.es\/file\/2025\/04\/PFC-Sureste-1536x864.jpg 1536w, https:\/\/unaarquitectos.es\/file\/2025\/04\/PFC-Sureste-539x303.jpg 539w, https:\/\/unaarquitectos.es\/file\/2025\/04\/PFC-Sureste.jpg 1920w\" sizes=\"(max-width: 700px) 100vw, 700px\" \/><\/span>                <\/div>\n            <\/div>\n\n        \n    \n<\/article>\n<article class='mix portfolio_category_27 portfolio_category_28 default' style=''>\n    \n    \n    \n    \n            <div class=\"item_holder subtle_vertical_hover\">\n\n                    <div class=\"text_holder\">\n        <div class=\"text_holder_outer\">\n            <div class=\"text_holder_inner\">\n            \n    <h5 itemprop=\"name\" class=\"portfolio_title entry_title\"><a itemprop=\"url\" href=\"https:\/\/unaarquitectos.es\/es\/portfolio_page\/proyectos-arquitectonicos-disenados-por-una-arquitectos\/\"  target=\"_self\"> Proyectos arquitect\u00f3nicos dise\u00f1ados por Un\u2019A Arquitectos<\/a><\/h5>\n\n    <span class=\"project_category\"  >\n    Edificios \/ Interiores    <\/span>\n                            <div class=\"icons_holder\">\n\n                                \n                                \n                                \n                            <\/div>\n                                    <\/div>\n        <\/div>\n    <\/div>\n\n                \n                <div style=\"\" class=\"portfolio_shader\"><\/div>\n                <div class=\"image_holder\">\n                    \n<span class='image'><img decoding=\"async\" width=\"700\" height=\"438\" src=\"https:\/\/unaarquitectos.es\/file\/2025\/04\/Imagen-1-700x438.jpg\" class=\"attachment-portfolio_masonry_with_space size-portfolio_masonry_with_space wp-post-image\" alt=\"Imagen 1\" srcset=\"https:\/\/unaarquitectos.es\/file\/2025\/04\/Imagen-1-700x438.jpg 700w, https:\/\/unaarquitectos.es\/file\/2025\/04\/Imagen-1-300x188.jpg 300w, https:\/\/unaarquitectos.es\/file\/2025\/04\/Imagen-1-1024x640.jpg 1024w, https:\/\/unaarquitectos.es\/file\/2025\/04\/Imagen-1-768x480.jpg 768w, https:\/\/unaarquitectos.es\/file\/2025\/04\/Imagen-1-1536x960.jpg 1536w, https:\/\/unaarquitectos.es\/file\/2025\/04\/Imagen-1-2048x1280.jpg 2048w\" sizes=\"(max-width: 700px) 100vw, 700px\" \/><\/span>                <\/div>\n            <\/div>\n\n        \n    \n<\/article>\n<article class='mix portfolio_category_27 portfolio_category_28 default' style=''>\n    \n    \n    \n    \n            <div class=\"item_holder subtle_vertical_hover\">\n\n                    <div class=\"text_holder\">\n        <div class=\"text_holder_outer\">\n            <div class=\"text_holder_inner\">\n            \n    <h5 itemprop=\"name\" class=\"portfolio_title entry_title\"><a itemprop=\"url\" href=\"https:\/\/unaarquitectos.es\/es\/portfolio_page\/edificio-9-apartamentos-casco-antiguo-marbella\/\"  target=\"_self\"> Rehabilitacio\u0301n de Edificio para 9 Apartamentos en Casco Antiguo de Marbella<\/a><\/h5>\n\n    <span class=\"project_category\"  >\n    Edificios \/ Interiores    <\/span>\n                            <div class=\"icons_holder\">\n\n                                \n                                \n                                \n                            <\/div>\n                                    <\/div>\n        <\/div>\n    <\/div>\n\n                \n                <div style=\"\" class=\"portfolio_shader\"><\/div>\n                <div class=\"image_holder\">\n                    \n<span class='image'><img decoding=\"async\" width=\"700\" height=\"933\" src=\"https:\/\/unaarquitectos.es\/file\/2025\/04\/20210114_110617-700x933.jpg\" class=\"attachment-portfolio_masonry_with_space size-portfolio_masonry_with_space wp-post-image\" alt=\"20210114 110617 rotated\" srcset=\"https:\/\/unaarquitectos.es\/file\/2025\/04\/20210114_110617-700x933.jpg 700w, https:\/\/unaarquitectos.es\/file\/2025\/04\/20210114_110617-225x300.jpg 225w, https:\/\/unaarquitectos.es\/file\/2025\/04\/20210114_110617-768x1024.jpg 768w, https:\/\/unaarquitectos.es\/file\/2025\/04\/20210114_110617-1152x1536.jpg 1152w, https:\/\/unaarquitectos.es\/file\/2025\/04\/20210114_110617-600x800.jpg 600w, https:\/\/unaarquitectos.es\/file\/2025\/04\/20210114_110617-rotated.jpg 1488w\" sizes=\"(max-width: 700px) 100vw, 700px\" \/><\/span>                <\/div>\n            <\/div>\n\n        \n    \n<\/article>\n<article class='mix portfolio_category_27 portfolio_category_28 default' style=''>\n    \n    \n    \n    \n            <div class=\"item_holder subtle_vertical_hover\">\n\n                    <div class=\"text_holder\">\n        <div class=\"text_holder_outer\">\n            <div class=\"text_holder_inner\">\n            \n    <h5 itemprop=\"name\" class=\"portfolio_title entry_title\"><a itemprop=\"url\" href=\"https:\/\/unaarquitectos.es\/es\/portfolio_page\/reforma-ampliacion-edificio-plurifamiliar-igualeja\/\"  target=\"_self\"> Reforma y ampliacio\u0301n de edificio plurifamiliar en Igualeja<\/a><\/h5>\n\n    <span class=\"project_category\"  >\n    Edificios \/ Interiores    <\/span>\n                            <div class=\"icons_holder\">\n\n                                \n                                \n                                \n                            <\/div>\n                                    <\/div>\n        <\/div>\n    <\/div>\n\n                \n                <div style=\"\" class=\"portfolio_shader\"><\/div>\n                <div class=\"image_holder\">\n                    \n<span class='image'><img loading=\"lazy\" decoding=\"async\" width=\"700\" height=\"525\" src=\"https:\/\/unaarquitectos.es\/file\/2025\/04\/Fachada-700x525.jpg\" class=\"attachment-portfolio_masonry_with_space size-portfolio_masonry_with_space wp-post-image\" alt=\"Fachada\" srcset=\"https:\/\/unaarquitectos.es\/file\/2025\/04\/Fachada-700x525.jpg 700w, https:\/\/unaarquitectos.es\/file\/2025\/04\/Fachada-300x225.jpg 300w, https:\/\/unaarquitectos.es\/file\/2025\/04\/Fachada-1024x768.jpg 1024w, https:\/\/unaarquitectos.es\/file\/2025\/04\/Fachada-768x576.jpg 768w, https:\/\/unaarquitectos.es\/file\/2025\/04\/Fachada-1536x1152.jpg 1536w, https:\/\/unaarquitectos.es\/file\/2025\/04\/Fachada-800x600.jpg 800w, https:\/\/unaarquitectos.es\/file\/2025\/04\/Fachada.jpg 2000w\" sizes=\"(max-width: 700px) 100vw, 700px\" \/><\/span>                <\/div>\n            <\/div>\n\n        \n    \n<\/article>\n<article class='mix portfolio_category_27 portfolio_category_28 default' style=''>\n    \n    \n    \n    \n            <div class=\"item_holder subtle_vertical_hover\">\n\n                    <div class=\"text_holder\">\n        <div class=\"text_holder_outer\">\n            <div class=\"text_holder_inner\">\n            \n    <h5 itemprop=\"name\" class=\"portfolio_title entry_title\"><a itemprop=\"url\" href=\"https:\/\/unaarquitectos.es\/es\/portfolio_page\/apartamento-riviera-del-sol-marbella\/\"  target=\"_self\"> Apartamento Riviera<\/a><\/h5>\n\n    <span class=\"project_category\"  >\n    Edificios \/ Interiores    <\/span>\n                            <div class=\"icons_holder\">\n\n                                \n                                \n                                \n                            <\/div>\n                                    <\/div>\n        <\/div>\n    <\/div>\n\n                \n                <div style=\"\" class=\"portfolio_shader\"><\/div>\n                <div class=\"image_holder\">\n                    \n<span class='image'><img loading=\"lazy\" decoding=\"async\" width=\"700\" height=\"394\" src=\"https:\/\/unaarquitectos.es\/file\/2025\/04\/WP_20150512_012-700x394.jpg\" class=\"attachment-portfolio_masonry_with_space size-portfolio_masonry_with_space wp-post-image\" alt=\"WP 20150512 012 scaled\" srcset=\"https:\/\/unaarquitectos.es\/file\/2025\/04\/WP_20150512_012-700x394.jpg 700w, https:\/\/unaarquitectos.es\/file\/2025\/04\/WP_20150512_012-300x169.jpg 300w, https:\/\/unaarquitectos.es\/file\/2025\/04\/WP_20150512_012-1024x577.jpg 1024w, https:\/\/unaarquitectos.es\/file\/2025\/04\/WP_20150512_012-768x432.jpg 768w, https:\/\/unaarquitectos.es\/file\/2025\/04\/WP_20150512_012-1536x865.jpg 1536w, https:\/\/unaarquitectos.es\/file\/2025\/04\/WP_20150512_012-2048x1153.jpg 2048w, https:\/\/unaarquitectos.es\/file\/2025\/04\/WP_20150512_012-539x303.jpg 539w\" sizes=\"(max-width: 700px) 100vw, 700px\" \/><\/span>                <\/div>\n            <\/div>\n\n        \n    \n<\/article>\n<article class='mix portfolio_category_27 default' style=''>\n    \n    \n    \n    \n            <div class=\"item_holder subtle_vertical_hover\">\n\n                    <div class=\"text_holder\">\n        <div class=\"text_holder_outer\">\n            <div class=\"text_holder_inner\">\n            \n    <h5 itemprop=\"name\" class=\"portfolio_title entry_title\"><a itemprop=\"url\" href=\"https:\/\/unaarquitectos.es\/es\/portfolio_page\/edificio-casco-historico-marbella-malaga\/\"  target=\"_self\"> Edificio casco hist\u00f3rico Marbella<\/a><\/h5>\n\n    <span class=\"project_category\"  >\n    Edificios    <\/span>\n                            <div class=\"icons_holder\">\n\n                                \n                                \n                                \n                            <\/div>\n                                    <\/div>\n        <\/div>\n    <\/div>\n\n                \n                <div style=\"\" class=\"portfolio_shader\"><\/div>\n                <div class=\"image_holder\">\n                    \n<span class='image'><img loading=\"lazy\" decoding=\"async\" width=\"700\" height=\"1556\" src=\"https:\/\/unaarquitectos.es\/file\/2025\/04\/1743525192061-700x1556.jpg\" class=\"attachment-portfolio_masonry_with_space size-portfolio_masonry_with_space wp-post-image\" alt=\"1743525192061 scaled\" srcset=\"https:\/\/unaarquitectos.es\/file\/2025\/04\/1743525192061-700x1556.jpg 700w, https:\/\/unaarquitectos.es\/file\/2025\/04\/1743525192061-135x300.jpg 135w, https:\/\/unaarquitectos.es\/file\/2025\/04\/1743525192061-461x1024.jpg 461w, https:\/\/unaarquitectos.es\/file\/2025\/04\/1743525192061-768x1707.jpg 768w, https:\/\/unaarquitectos.es\/file\/2025\/04\/1743525192061-691x1536.jpg 691w, https:\/\/unaarquitectos.es\/file\/2025\/04\/1743525192061-922x2048.jpg 922w, https:\/\/unaarquitectos.es\/file\/2025\/04\/1743525192061-scaled.jpg 1152w\" sizes=\"(max-width: 700px) 100vw, 700px\" \/><\/span>                <\/div>\n            <\/div>\n\n        \n    \n<\/article>\n<article class='mix portfolio_category_27 default' style=''>\n    \n    \n    \n    \n            <div class=\"item_holder subtle_vertical_hover\">\n\n                    <div class=\"text_holder\">\n        <div class=\"text_holder_outer\">\n            <div class=\"text_holder_inner\">\n            \n    <h5 itemprop=\"name\" class=\"portfolio_title entry_title\"><a itemprop=\"url\" href=\"https:\/\/unaarquitectos.es\/es\/portfolio_page\/proyecto-restaurante-cueva-setenil-bodegas\/\"  target=\"_self\"> Restaurante en Cueva &#8211; Setenil de las Bodegas<\/a><\/h5>\n\n    <span class=\"project_category\"  >\n    Edificios    <\/span>\n                            <div class=\"icons_holder\">\n\n                                \n                                \n                                \n                            <\/div>\n                                    <\/div>\n        <\/div>\n    <\/div>\n\n                \n                <div style=\"\" class=\"portfolio_shader\"><\/div>\n                <div class=\"image_holder\">\n                    \n<span class='image'><img loading=\"lazy\" decoding=\"async\" width=\"700\" height=\"525\" src=\"https:\/\/unaarquitectos.es\/file\/2025\/04\/Fachada-700x525.jpg\" class=\"attachment-portfolio_masonry_with_space size-portfolio_masonry_with_space wp-post-image\" alt=\"Fachada\" srcset=\"https:\/\/unaarquitectos.es\/file\/2025\/04\/Fachada-700x525.jpg 700w, https:\/\/unaarquitectos.es\/file\/2025\/04\/Fachada-300x225.jpg 300w, https:\/\/unaarquitectos.es\/file\/2025\/04\/Fachada-1024x768.jpg 1024w, https:\/\/unaarquitectos.es\/file\/2025\/04\/Fachada-768x576.jpg 768w, https:\/\/unaarquitectos.es\/file\/2025\/04\/Fachada-1536x1152.jpg 1536w, https:\/\/unaarquitectos.es\/file\/2025\/04\/Fachada-800x600.jpg 800w, https:\/\/unaarquitectos.es\/file\/2025\/04\/Fachada.jpg 2000w\" sizes=\"(max-width: 700px) 100vw, 700px\" \/><\/span>                <\/div>\n            <\/div>\n\n        \n    \n<\/article>\n        <div class='filler'><\/div>\n            <div class='filler'><\/div>\n        <\/div>\n\n    \n    <\/div>\t\t<\/div>\n\t\t\t\t<\/div>\n\t\t\t\t<\/div>\n\t\t\t\t<\/div>\n\t\t<div class=\"elementor-element elementor-element-9a87f85 e-con-full e-flex parallax_section_no qode_elementor_container_no e-con e-parent\" data-id=\"9a87f85\" data-element_type=\"container\">\n\t\t\t\t<div class=\"elementor-element elementor-element-9504084 elementor-widget-divider--view-line elementor-widget elementor-widget-divider\" data-id=\"9504084\" data-element_type=\"widget\" data-widget_type=\"divider.default\">\n\t\t\t\t<div class=\"elementor-widget-container\">\n\t\t\t\t\t<div class=\"elementor-divider\">\n\t\t\t<span class=\"elementor-divider-separator\">\n\t\t\t\t\t\t<\/span>\n\t\t<\/div>\n\t\t\t\t<\/div>\n\t\t\t\t<\/div>\n\t\t\t\t<\/div>\n\t\t\t\t<\/div>\n\t\t","protected":false},"excerpt":{"rendered":"<p>Proyectos destacados \u00a0 Los proyectos destacados de Un\u2019A Arquitectos incluyen un portafolio diverso de dise\u00f1os innovadores, desde edificios corporativos vanguardistas con fachadas acristaladas hasta villas de lujo a medida. Cada proyecto es un testimonio de la visi\u00f3n arquitect\u00f3nica del estudio, fusionando forma, funci\u00f3n y contexto&hellip; <a class=\"continue\" href=\"https:\/\/unaarquitectos.es\/es\/portfolio_page\/proyecto-restaurante-cueva-setenil-bodegas\/\">Continue Reading, Seguir leyendo<span> Restaurante en Cueva &#8211; Setenil de las Bodegas<\/span><\/a> <a class=\"continue\" href=\"https:\/\/unaarquitectos.es\/es\/portfolio_page\/proyecto-restaurante-cueva-setenil-bodegas\/\">Continue Reading, Seguir leyendo<span> Restaurante en Cueva &#8211; Setenil de las Bodegas<\/span><\/a><\/p>\n","protected":false},"author":2,"featured_media":0,"parent":0,"menu_order":0,"comment_status":"closed","ping_status":"closed","template":"full_width.php","meta":{"footnotes":""},"class_list":["post-16048","page","type-page","status-publish","hentry"],"_links":{"self":[{"href":"https:\/\/unaarquitectos.es\/es\/wp-json\/wp\/v2\/pages\/16048","targetHints":{"allow":["GET"]}}],"collection":[{"href":"https:\/\/unaarquitectos.es\/es\/wp-json\/wp\/v2\/pages"}],"about":[{"href":"https:\/\/unaarquitectos.es\/es\/wp-json\/wp\/v2\/types\/page"}],"author":[{"embeddable":true,"href":"https:\/\/unaarquitectos.es\/es\/wp-json\/wp\/v2\/users\/2"}],"replies":[{"embeddable":true,"href":"https:\/\/unaarquitectos.es\/es\/wp-json\/wp\/v2\/comments?post=16048"}],"version-history":[{"count":10,"href":"https:\/\/unaarquitectos.es\/es\/wp-json\/wp\/v2\/pages\/16048\/revisions"}],"predecessor-version":[{"id":16444,"href":"https:\/\/unaarquitectos.es\/es\/wp-json\/wp\/v2\/pages\/16048\/revisions\/16444"}],"wp:attachment":[{"href":"https:\/\/unaarquitectos.es\/es\/wp-json\/wp\/v2\/media?parent=16048"}],"curies":[{"name":"wp","href":"https:\/\/api.w.org\/{rel}","templated":true}]}}